{"id":217,"date":"2020-05-12T03:43:03","date_gmt":"2020-05-12T01:43:03","guid":{"rendered":"http:\/\/optimumbilvard.com\/?page_id=217"},"modified":"2026-03-02T17:27:52","modified_gmt":"2026-03-02T16:27:52","slug":"hem","status":"publish","type":"page","link":"http:\/\/optimumbilvard.com\/","title":{"rendered":"HEM"},"content":{"rendered":"\n<div class=\"wp-block-uagb-container uagb-block-07933978 alignfull uagb-is-root-container\">\n<div class=\"is-layout-flex wp-container-4 wp-block-columns\">\n<div class=\"is-layout-flow wp-block-column\" style=\"flex-basis:33.34%\">\n<div class=\"wp-block-uagb-container uagb-block-05d6c9d0 alignfull uagb-is-root-container\"><div class=\"uagb-container-inner-blocks-wrap\"><\/div><\/div>\n<\/div>\n\n\n\n<div class=\"is-layout-flow wp-block-column\" style=\"flex-basis:200%\">\n<div class=\"wp-block-uagb-info-box uagb-block-425cc6b4 uagb-infobox__content-wrap  uagb-infobox-icon-above-title uagb-infobox-image-valign-top\"><div class=\"uagb-ifb-content\"><div class=\"uagb-ifb-title-wrap\"><span class=\"uagb-ifb-title-prefix\"><br><br><br><br><br><br><br><br><br><br><br><\/span><h4 class=\"uagb-ifb-title\">V\u00e4lkomna in, <br>s\u00e5 tar vi hand <br>om er bil!<\/h4><\/div><p class=\"uagb-ifb-desc\">Vi finns alltid p\u00e5 Drop In och tar emot er (\u00e4ven n\u00e4r online-bokningen \u00e4r fullbokad). <br>Om ni vill boka online, kan ni g\u00f6ra det direkt nedan!<\/p><\/div><\/div>\n\n\n\n<div class=\"wp-block-uagb-buttons uagb-buttons__outer-wrap uagb-btn__default-btn uagb-btn-tablet__default-btn uagb-btn-mobile__default-btn uagb-block-d1a4c53b\"><div class=\"uagb-buttons__wrap uagb-buttons-layout-wrap\">\n<div class=\"wp-block-uagb-buttons-child uagb-buttons__outer-wrap uagb-block-34aa6fc1 wp-block-button\"><div class=\"uagb-button__wrapper\"><a class=\"uagb-buttons-repeater wp-block-button__link\" href=\"https:\/\/www.timecenter.se\/optimumbilvard\/balsta\/\" onclick=\"return true;\" rel=\"follow noopener\" target=\"_blank\"><div class=\"uagb-button__link\">B\u00c5LSTA<\/div><\/a><\/div><\/div>\n\n\n\n<div class=\"wp-block-uagb-buttons-child uagb-buttons__outer-wrap uagb-block-636f9b61 wp-block-button\"><div class=\"uagb-button__wrapper\"><a class=\"uagb-buttons-repeater wp-block-button__link\" href=\"https:\/\/www.timecenter.se\/optimumbilvard\/kungsangen\/\" onclick=\"return true;\" rel=\"follow noopener\" target=\"_blank\"><div class=\"uagb-button__link\">KUNGS\u00c4NGEN<\/div><\/a><\/div><\/div>\n<\/div><\/div>\n<\/div>\n\n\n\n<div class=\"is-layout-flow wp-block-column\" style=\"flex-basis:33.33%\"><\/div>\n<\/div>\n<\/div>\n\n\n\n<div class=\"wp-block-uagb-container uagb-block-9adf9a39 alignfull uagb-is-root-container\"><div class=\"uagb-container-inner-blocks-wrap\">\n<div style=\"height:44px\" aria-hidden=\"true\" class=\"wp-block-spacer\"><\/div>\n\n\n\n<div class=\"wp-block-uagb-info-box uagb-block-8242fa31 uagb-infobox__content-wrap  uagb-infobox-icon-above-title uagb-infobox-image-valign-top\"><div class=\"uagb-ifb-content\"><div class=\"uagb-ifb-title-wrap\"><h4 class=\"uagb-ifb-title\">Erbjudanden<\/h4><\/div><\/div><\/div>\n<\/div><\/div>\n\n\n\n<div class=\"wp-block-uagb-container uagb-block-f5f6dd76 alignfull uagb-is-root-container\"><div class=\"uagb-container-inner-blocks-wrap\">\n<div class=\"wp-block-uagb-container uagb-block-5a8a6fde\">\n<div class=\"wp-block-uagb-advanced-heading uagb-block-468c5805\"><h2 class=\"uagb-heading-text\">Optimum <br>Paket<\/h2><\/div>\n\n\n\n<div style=\"height:25px\" aria-hidden=\"true\" class=\"wp-block-spacer\"><\/div>\n\n\n\n<div class=\"wp-block-uagb-advanced-heading uagb-block-da1085ab\"><h2 class=\"uagb-heading-text\">990:-<\/h2><\/div>\n\n\n\n<div style=\"height:25px\" aria-hidden=\"true\" class=\"wp-block-spacer\"><\/div>\n\n\n\n<div class=\"wp-block-uagb-advanced-heading uagb-block-1b381d98\"><h3 class=\"uagb-heading-text\"><s>1199:-<\/s><br><\/h3><\/div>\n\n\n\n<div style=\"height:25px\" aria-hidden=\"true\" class=\"wp-block-spacer\"><\/div>\n\n\n\n<div class=\"wp-block-uagb-buttons uagb-buttons__outer-wrap uagb-btn__small-btn uagb-btn-tablet__default-btn uagb-btn-mobile__default-btn uagb-block-836ced24\"><div class=\"uagb-buttons__wrap uagb-buttons-layout-wrap\">\n<div class=\"wp-block-uagb-buttons-child uagb-buttons__outer-wrap uagb-block-ca67d7aa wp-block-button\"><div class=\"uagb-button__wrapper\"><a class=\"uagb-buttons-repeater wp-block-button__link\" href=\"https:\/\/www.timecenter.se\/optimumbilvard\/boka\/time\/?rid=38502&amp;tjid=141429&amp;oid=6478656&amp;tidval=60\" onclick=\"return true;\" rel=\"follow noopener\" target=\"_blank\"><div class=\"uagb-button__link\">B\u00c5LSTA<\/div><\/a><\/div><\/div>\n<\/div><\/div>\n\n\n\n<div style=\"height:25px\" aria-hidden=\"true\" class=\"wp-block-spacer\"><\/div>\n\n\n\n<div class=\"wp-block-uagb-buttons uagb-buttons__outer-wrap uagb-btn__small-btn uagb-btn-tablet__default-btn uagb-btn-mobile__default-btn uagb-block-509b9df9\"><div class=\"uagb-buttons__wrap uagb-buttons-layout-wrap\">\n<div class=\"wp-block-uagb-buttons-child uagb-buttons__outer-wrap uagb-block-e308fcc8 wp-block-button\"><div class=\"uagb-button__wrapper\"><a class=\"uagb-buttons-repeater wp-block-button__link\" href=\"https:\/\/www.timecenter.se\/optimumbilvard\/boka\/time\/?rid=53202&amp;tjid=138836&amp;oid=6478604&amp;tidval=60\" onclick=\"return true;\" rel=\"follow noopener\" target=\"_blank\"><div class=\"uagb-button__link\">KUNGS\u00c4NGEN<\/div><\/a><\/div><\/div>\n<\/div><\/div>\n<\/div>\n\n\n\n<div class=\"wp-block-uagb-container uagb-block-22eb14d6\">\n<div class=\"wp-block-uagb-advanced-heading uagb-block-9d05a14a\"><h2 class=\"uagb-heading-text\">Hjulskifte<\/h2><\/div>\n\n\n\n<div class=\"wp-block-uagb-advanced-heading uagb-block-12b11aa7\"><h2 class=\"uagb-heading-text\">Reng\u00f6ring av Hjul<\/h2><\/div>\n\n\n\n<div class=\"wp-block-uagb-advanced-heading uagb-block-37a804a5\"><h2 class=\"uagb-heading-text\">D\u00e4ckhotell<\/h2><\/div>\n\n\n\n<div style=\"height:25px\" aria-hidden=\"true\" class=\"wp-block-spacer\"><\/div>\n\n\n\n<div class=\"wp-block-uagb-advanced-heading uagb-block-6737a231\"><h2 class=\"uagb-heading-text\">690:-<\/h2><\/div>\n\n\n\n<div style=\"height:25px\" aria-hidden=\"true\" class=\"wp-block-spacer\"><\/div>\n\n\n\n<div style=\"height:25px\" aria-hidden=\"true\" class=\"wp-block-spacer\"><\/div>\n\n\n\n<div class=\"wp-block-uagb-buttons uagb-buttons__outer-wrap uagb-btn__small-btn uagb-btn-tablet__default-btn uagb-btn-mobile__default-btn uagb-block-15fb33ad\"><div class=\"uagb-buttons__wrap uagb-buttons-layout-wrap\">\n<div class=\"wp-block-uagb-buttons-child uagb-buttons__outer-wrap uagb-block-9f4fcf6a wp-block-button\"><div class=\"uagb-button__wrapper\"><a class=\"uagb-buttons-repeater wp-block-button__link\" href=\"https:\/\/www.timecenter.se\/optimumbilvard\/?mode=boka&amp;mode2=time&amp;date=2025-10-19&amp;today=2025-10-19&amp;force=1&amp;overview=false&amp;period=&amp;seltjanst=1&amp;rid_tjid_tid=38502_141428_20\" onclick=\"return true;\" rel=\"follow noopener\" target=\"_blank\"><div class=\"uagb-button__link\">B\u00c5LSTA<\/div><\/a><\/div><\/div>\n<\/div><\/div>\n\n\n\n<div style=\"height:25px\" aria-hidden=\"true\" class=\"wp-block-spacer\"><\/div>\n\n\n\n<div class=\"wp-block-uagb-buttons uagb-buttons__outer-wrap uagb-btn__small-btn uagb-btn-tablet__default-btn uagb-btn-mobile__default-btn uagb-block-5b36a44f\"><div class=\"uagb-buttons__wrap uagb-buttons-layout-wrap\">\n<div class=\"wp-block-uagb-buttons-child uagb-buttons__outer-wrap uagb-block-7f753d0c wp-block-button\"><div class=\"uagb-button__wrapper\"><a class=\"uagb-buttons-repeater wp-block-button__link\" href=\"https:\/\/www.timecenter.se\/optimumbilvard\/?mode=boka&amp;mode2=time&amp;date=2025-10-19&amp;today=2025-10-19&amp;force=1&amp;overview=false&amp;period=&amp;seltjanst=1&amp;rid_tjid_tid=53202_124237_15\" onclick=\"return true;\" rel=\"follow noopener\" target=\"_blank\"><div class=\"uagb-button__link\">KUNGS\u00c4NGEN<\/div><\/a><\/div><\/div>\n<\/div><\/div>\n<\/div>\n<\/div><\/div>\n\n\n\n<div class=\"wp-block-uagb-container uagb-block-b65b3e90 alignfull uagb-is-root-container\"><div class=\"uagb-container-inner-blocks-wrap\"><\/div><\/div>\n\n\n\n<div class=\"wp-block-uagb-separator uagb-block-29af5f6f\"><div class=\"wp-block-uagb-separator__inner\" style=\"--my-background-image:\"><\/div><\/div>\n\n\n\n<div class=\"wp-block-uagb-info-box uagb-block-31d66243 uagb-infobox__content-wrap  uagb-infobox-icon-above-title uagb-infobox-image-valign-top\"><div class=\"uagb-ifb-content\"><div class=\"uagb-ifb-title-wrap\"><h4 class=\"uagb-ifb-title\"><body style=\"background-color:white;\">\nTj\u00e4nster<\/h4><\/div><\/div><\/div>\n\n\n\n<p class=\"has-text-align-center has-white-background-color has-background\">Nedan kan ni se n\u00e5gra av v\u00e5ra tj\u00e4nster!<\/p>\n\n\n\n<div class=\"is-layout-constrained wp-block-group has-white-background-color has-background\">\n<div class=\"wp-block-uagb-advanced-heading uagb-block-e669451d\"><h2 class=\"uagb-heading-text\">Optimum Snabb Keramisk Skyddslack<\/h2><\/div>\n\n\n\n<div class=\"wp-block-uagb-container uagb-block-25455877 alignfull uagb-is-root-container\"><div class=\"uagb-container-inner-blocks-wrap\">\n\n<figure class=\"wp-block-embed is-type-video is-provider-youtube wp-block-embed-youtube wp-embed-aspect-16-9 wp-has-aspect-ratio\"><div class=\"wp-block-embed__wrapper\">\n<div class=\"ast-oembed-container\" style=\"height: 100%;\"><iframe loading=\"lazy\" title=\"Optimum Snabb Keramisk Skyddslack\" width=\"500\" height=\"281\" src=\"https:\/\/www.youtube.com\/embed\/xAUGoCSye_8?feature=oembed\" frameborder=\"0\" allow=\"accelerometer; autoplay; clipboard-write; encrypted-media; gyroscope; picture-in-picture; web-share\" referrerpolicy=\"strict-origin-when-cross-origin\" allowfullscreen><\/iframe><\/div>\n<\/div><figcaption class=\"wp-element-caption\">Optimum Snabb Keramisk Skyddslack \u00e4r en h\u00e5llbar snabbf\u00f6rsegling som ger h\u00f6g glans, h\u00f6g avst\u00f6tningsf\u00f6rm\u00e5ga, b\u00e4ttre sj\u00e4lvreng\u00f6rande egenskaper, samt en utm\u00e4rkt glans och lyster.<br><br>Skyddslacket h\u00e5ller upp till tre m\u00e5nader och ger b\u00e4sta m\u00f6jliga hydrofobiska effekt och \u00e5terupplivar lackskyddet. Den utf\u00f6rs efter en super-utv\u00e4ndig tv\u00e4tt.<\/figcaption><\/figure>\n\n\n<p class=\"has-text-align-center\"><strong>Boka h\u00e4r:<\/strong><\/p>\n\n<\/body>\n\n<div class=\"wp-block-uagb-buttons uagb-buttons__outer-wrap uagb-btn__default-btn uagb-btn-tablet__default-btn uagb-btn-mobile__default-btn uagb-block-5b7086ee\"><div class=\"uagb-buttons__wrap uagb-buttons-layout-wrap\">\n\n<div class=\"wp-block-uagb-buttons-child uagb-buttons__outer-wrap uagb-block-baee8e7f wp-block-button\"><div class=\"uagb-button__wrapper\"><a class=\"uagb-buttons-repeater wp-block-button__link\" href=\"https:\/\/www.timecenter.se\/optimumbilvard\/boka\/time\/?rid=38502&amp;tjid=141430&amp;oid=6478655&amp;tidval=30\" onclick=\"return true;\" rel=\"follow noopener\" target=\"_blank\"><div class=\"uagb-button__link\">B\u00c5LSTA<\/div><\/a><\/div><\/div>\n\n\n<div class=\"wp-block-uagb-buttons-child uagb-buttons__outer-wrap uagb-block-15ae5a61 wp-block-button\"><div class=\"uagb-button__wrapper\"><a class=\"uagb-buttons-repeater wp-block-button__link\" href=\"https:\/\/www.timecenter.se\/optimumbilvard\/boka\/time\/?rid=53202&amp;tjid=128060&amp;oid=6478593&amp;tidval=30\" onclick=\"return true;\" rel=\"follow noopener\" target=\"_blank\"><div class=\"uagb-button__link\">KUNGS\u00c4NGEN<\/div><\/a><\/div><\/div>\n\n<\/div><\/div>\n\n<\/div><\/div>\n<\/div>\n\n\n\n<div class=\"is-layout-constrained wp-block-group has-white-background-color has-background\">\n<div class=\"wp-block-uagb-advanced-heading uagb-block-6b1c807f\"><h2 class=\"uagb-heading-text\">Glasf\u00f6rsegling &#8211; 6 m\u00e5nader efter behandling<\/h2><\/div>\n\n\n\n<div class=\"wp-block-uagb-container uagb-block-c9f092e5 alignfull uagb-is-root-container\"><div class=\"uagb-container-inner-blocks-wrap\">\n\n<figure class=\"wp-block-embed is-type-video is-provider-youtube wp-block-embed-youtube wp-embed-aspect-16-9 wp-has-aspect-ratio\"><div class=\"wp-block-embed__wrapper\">\n<div class=\"ast-oembed-container\" style=\"height: 100%;\"><iframe loading=\"lazy\" title=\"Glasf\u00f6rsegling - 6 m\u00e5nader efter behandling hos Optimum Bilv\u00e5rd\" width=\"500\" height=\"281\" src=\"https:\/\/www.youtube.com\/embed\/F_XVsaepSzk?feature=oembed\" frameborder=\"0\" allow=\"accelerometer; autoplay; clipboard-write; encrypted-media; gyroscope; picture-in-picture; web-share\" referrerpolicy=\"strict-origin-when-cross-origin\" allowfullscreen><\/iframe><\/div>\n<\/div><figcaption class=\"wp-element-caption\">Glasbehandling har m\u00e5nga f\u00f6rdelar. Den f\u00f6rb\u00e4ttrar sikt vid regn och \u00f6kar d\u00e4rmed s\u00e4kerheten. Den minskar risk f\u00f6r tr\u00f6tta \u00f6gon, behov till torkarblad-funktion, behov till spolarv\u00e4tska och g\u00f6r det mycket l\u00e4ttare att f\u00e5 bort is, insekter, v\u00e4xtdelar med mera.<\/figcaption><\/figure>\n\n\n<p class=\"has-text-align-center\"><strong>Boka h\u00e4r:<\/strong><\/p>\n\n<\/body>\n\n<div class=\"wp-block-uagb-buttons uagb-buttons__outer-wrap uagb-btn__default-btn uagb-btn-tablet__default-btn uagb-btn-mobile__default-btn uagb-block-afed958c\"><div class=\"uagb-buttons__wrap uagb-buttons-layout-wrap\">\n\n<div class=\"wp-block-uagb-buttons-child uagb-buttons__outer-wrap uagb-block-e6ec5353 wp-block-button\"><div class=\"uagb-button__wrapper\"><a class=\"uagb-buttons-repeater wp-block-button__link\" href=\"https:\/\/www.timecenter.se\/optimumbilvard\/boka\/time\/?rid=38502&amp;tjid=126734&amp;oid=6478676&amp;tidval=30\" onclick=\"return true;\" rel=\"follow noopener\" target=\"_blank\"><div class=\"uagb-button__link\">B\u00c5LSTA<\/div><\/a><\/div><\/div>\n\n\n<div class=\"wp-block-uagb-buttons-child uagb-buttons__outer-wrap uagb-block-ef3e254f wp-block-button\"><div class=\"uagb-button__wrapper\"><a class=\"uagb-buttons-repeater wp-block-button__link\" href=\"https:\/\/www.timecenter.se\/optimumbilvard\/boka\/time\/?rid=53202&amp;tjid=126735&amp;oid=6478605&amp;tidval=30\" onclick=\"return true;\" rel=\"follow noopener\" target=\"_blank\"><div class=\"uagb-button__link\">KUNGS\u00c4NGEN<\/div><\/a><\/div><\/div>\n\n<\/div><\/div>\n\n<\/div><\/div>\n<\/div>\n\n\n\n<div class=\"wp-block-uagb-container uagb-block-737cf484 alignfull uagb-is-root-container\">\n<p class=\"has-text-align-center has-ast-global-color-5-color has-text-color\">Kontakta g\u00e4rna oss om ni har fr\u00e5gor!<\/p>\n\n\n\n<div class=\"wp-block-uagb-buttons uagb-buttons__outer-wrap uagb-btn__default-btn uagb-btn-tablet__default-btn uagb-btn-mobile__default-btn uagb-block-c00fcb3a\"><div class=\"uagb-buttons__wrap uagb-buttons-layout-wrap\">\n<div class=\"wp-block-uagb-buttons-child uagb-buttons__outer-wrap uagb-block-8d0a04f2 wp-block-button\"><div class=\"uagb-button__wrapper\"><a class=\"uagb-buttons-repeater wp-block-button__link\" href=\"mailto:info@optimumbilvard.com\" onclick=\"return true;\" rel=\"follow noopener\" target=\"_blank\"><div class=\"uagb-button__link\">KONTAKT<\/div><\/a><\/div><\/div>\n<\/div><\/div>\n<\/div>\n","protected":false},"excerpt":{"rendered":"<p>Optimum Paket 990:- 1199:- Hjulskifte Reng\u00f6ring av Hjul D\u00e4ckhotell 690:- Nedan kan ni se n\u00e5gra av v\u00e5ra tj\u00e4nster! Optimum Snabb Keramisk Skyddslack Boka h\u00e4r: Glasf\u00f6rsegling &#8211; 6 m\u00e5nader efter behandling Boka h\u00e4r: Kontakta g\u00e4rna oss om ni har fr\u00e5gor!<\/p>\n","protected":false},"author":1,"featured_media":0,"parent":0,"menu_order":0,"comment_status":"closed","ping_status":"closed","template":"","meta":{"_uag_custom_page_level_css":"","_monsterinsights_skip_tracking":false,"_monsterinsights_sitenote_active":false,"_monsterinsights_sitenote_note":"","_monsterinsights_sitenote_category":0,"site-sidebar-layout":"no-sidebar","site-content-layout":"plain-container","ast-site-content-layout":"normal-width-container","site-content-style":"unboxed","site-sidebar-style":"unboxed","ast-global-header-display":"","ast-banner-title-visibility":"","ast-main-header-display":"","ast-hfb-above-header-display":"","ast-hfb-below-header-display":"","ast-hfb-mobile-header-display":"","site-post-title":"disabled","ast-breadcrumbs-content":"","ast-featured-img":"disabled","footer-sml-layout":"","theme-transparent-header-meta":"enabled","adv-header-id-meta":"","stick-header-meta":"","header-above-stick-meta":"","header-main-stick-meta":"","header-below-stick-meta":"","astra-migrate-meta-layouts":"set"},"uagb_featured_image_src":{"full":false,"thumbnail":false,"medium":false,"medium_large":false,"large":false,"1536x1536":false,"2048x2048":false},"uagb_author_info":{"display_name":"kasemar2003@yahoo.com","author_link":"http:\/\/optimumbilvard.com\/?author=1"},"uagb_comment_info":0,"uagb_excerpt":"Optimum Paket 990:- 1199:- Hjulskifte Reng\u00f6ring av Hjul D\u00e4ckhotell 690:- Nedan kan ni se n\u00e5gra av v\u00e5ra tj\u00e4nster! Optimum Snabb Keramisk Skyddslack Boka h\u00e4r: Glasf\u00f6rsegling &#8211; 6 m\u00e5nader efter behandling Boka h\u00e4r: Kontakta g\u00e4rna oss om ni har fr\u00e5gor!","_links":{"self":[{"href":"http:\/\/optimumbilvard.com\/index.php?rest_route=\/wp\/v2\/pages\/217"}],"collection":[{"href":"http:\/\/optimumbilvard.com\/index.php?rest_route=\/wp\/v2\/pages"}],"about":[{"href":"http:\/\/optimumbilvard.com\/index.php?rest_route=\/wp\/v2\/types\/page"}],"author":[{"embeddable":true,"href":"http:\/\/optimumbilvard.com\/index.php?rest_route=\/wp\/v2\/users\/1"}],"replies":[{"embeddable":true,"href":"http:\/\/optimumbilvard.com\/index.php?rest_route=%2Fwp%2Fv2%2Fcomments&post=217"}],"version-history":[{"count":5,"href":"http:\/\/optimumbilvard.com\/index.php?rest_route=\/wp\/v2\/pages\/217\/revisions"}],"predecessor-version":[{"id":1611,"href":"http:\/\/optimumbilvard.com\/index.php?rest_route=\/wp\/v2\/pages\/217\/revisions\/1611"}],"wp:attachment":[{"href":"http:\/\/optimumbilvard.com\/index.php?rest_route=%2Fwp%2Fv2%2Fmedia&parent=217"}],"curies":[{"name":"wp","href":"https:\/\/api.w.org\/{rel}","templated":true}]}}